{"id":338,"date":"2025-07-19T17:26:50","date_gmt":"2025-07-19T17:26:50","guid":{"rendered":"https:\/\/artisan-depannage24-7.com\/?page_id=338"},"modified":"2025-07-19T17:45:28","modified_gmt":"2025-07-19T17:45:28","slug":"politique-de-confidentialite","status":"publish","type":"page","link":"https:\/\/artisan-depannage24-7.com\/index.php\/politique-de-confidentialite\/","title":{"rendered":"Politique de confidentialit\u00e9"},"content":{"rendered":"<style>.elementor-338 .elementor-element.elementor-element-3943f966{--display:flex;--flex-direction:column;--container-widget-width:100%;--container-widget-height:initial;--container-widget-flex-grow:0;--container-widget-align-self:initial;--flex-wrap-mobile:wrap;}.elementor-338 .elementor-element.elementor-element-b08ed71{--display:flex;}.elementor-338 .elementor-element.elementor-element-1adf3200{text-align:start;}.elementor-338 .elementor-element.elementor-element-1adf3200 .elementor-heading-title{font-family:\"Roboto\", Sans-serif;font-size:25px;font-weight:600;color:#000000;}.elementor-338 .elementor-element.elementor-element-267a17df{text-align:start;font-family:\"Roboto\", Sans-serif;font-size:14px;font-weight:400;color:#000000;}.elementor-338 .elementor-element.elementor-element-267a17df p{margin-block-end:0px;}.elementor-338 .elementor-element.elementor-element-2da9ed8d{text-align:start;}.elementor-338 .elementor-element.elementor-element-2da9ed8d .elementor-heading-title{font-family:\"Roboto\", Sans-serif;font-size:23px;font-weight:600;color:#000000;}.elementor-338 .elementor-element.elementor-element-492590b2{text-align:start;font-family:\"Roboto\", Sans-serif;font-size:14px;font-weight:400;color:#000000;}.elementor-338 .elementor-element.elementor-element-492590b2 p{margin-block-end:0px;}.elementor-338 .elementor-element.elementor-element-9af8ce6{text-align:start;}.elementor-338 .elementor-element.elementor-element-9af8ce6 .elementor-heading-title{font-family:\"Roboto\", Sans-serif;font-size:23px;font-weight:600;color:#000000;}.elementor-338 .elementor-element.elementor-element-17c971a2{text-align:start;font-family:\"Roboto\", Sans-serif;font-size:14px;font-weight:400;color:#000000;}.elementor-338 .elementor-element.elementor-element-17c971a2 p{margin-block-end:0px;}.elementor-338 .elementor-element.elementor-element-54e1e258{text-align:start;}.elementor-338 .elementor-element.elementor-element-54e1e258 .elementor-heading-title{font-family:\"Roboto\", Sans-serif;font-size:23px;font-weight:600;color:#000000;}.elementor-338 .elementor-element.elementor-element-6cdcd916{text-align:start;font-family:\"Roboto\", Sans-serif;font-size:14px;font-weight:400;color:#000000;}.elementor-338 .elementor-element.elementor-element-6cdcd916 p{margin-block-end:0px;}.elementor-338 .elementor-element.elementor-element-29e1bcf{text-align:start;}.elementor-338 .elementor-element.elementor-element-29e1bcf .elementor-heading-title{font-family:\"Roboto\", Sans-serif;font-size:23px;font-weight:600;color:#000000;}.elementor-338 .elementor-element.elementor-element-46d4fb84{text-align:start;font-family:\"Roboto\", Sans-serif;font-size:14px;font-weight:400;color:#000000;}.elementor-338 .elementor-element.elementor-element-46d4fb84 p{margin-block-end:0px;}.elementor-338 .elementor-element.elementor-element-44037093{text-align:start;}.elementor-338 .elementor-element.elementor-element-44037093 .elementor-heading-title{font-family:\"Roboto\", Sans-serif;font-size:23px;font-weight:600;color:#000000;}.elementor-338 .elementor-element.elementor-element-6df33436{text-align:start;font-family:\"Roboto\", Sans-serif;font-size:14px;font-weight:400;color:#000000;}.elementor-338 .elementor-element.elementor-element-6df33436 p{margin-block-end:0px;}.elementor-338 .elementor-element.elementor-element-755f592d{text-align:start;}.elementor-338 .elementor-element.elementor-element-755f592d .elementor-heading-title{font-family:\"Roboto\", Sans-serif;font-size:23px;font-weight:600;color:#000000;}.elementor-338 .elementor-element.elementor-element-6b6974cd{text-align:start;font-family:\"Roboto\", Sans-serif;font-size:14px;font-weight:400;color:#000000;}.elementor-338 .elementor-element.elementor-element-6b6974cd p{margin-block-end:0px;}.elementor-338 .elementor-element.elementor-element-4617830a{text-align:start;}.elementor-338 .elementor-element.elementor-element-4617830a .elementor-heading-title{font-family:\"Roboto\", Sans-serif;font-size:23px;font-weight:600;color:#000000;}.elementor-338 .elementor-element.elementor-element-6836e487{text-align:start;font-family:\"Roboto\", Sans-serif;font-size:14px;font-weight:400;color:#000000;}.elementor-338 .elementor-element.elementor-element-6836e487 p{margin-block-end:0px;}<\/style>\t\t<div data-elementor-type=\"wp-page\" data-elementor-id=\"338\" class=\"elementor elementor-338\">\n\t\t\t\t<div class=\"elementor-element elementor-element-3943f966 e-flex e-con-boxed e-con e-parent\" data-id=\"3943f966\" data-element_type=\"container\" data-e-type=\"container\">\n\t\t\t\t\t<div class=\"e-con-inner\">\n\t\t<div class=\"elementor-element elementor-element-b08ed71 e-con-full e-flex e-con e-child\" data-id=\"b08ed71\" data-element_type=\"container\" data-e-type=\"container\">\n\t\t\t\t<div class=\"elementor-element elementor-element-1adf3200 elementor-widget elementor-widget-heading\" data-id=\"1adf3200\" data-element_type=\"widget\" data-e-type=\"widget\" data-widget_type=\"heading.default\">\n\t\t\t\t\t<h2 class=\"elementor-heading-title elementor-size-default\">Politique De Confidentialit\u00e9<\/h2>\t\t\t\t<\/div>\n\t\t\t\t<div class=\"elementor-element elementor-element-267a17df elementor-widget elementor-widget-text-editor\" data-id=\"267a17df\" data-element_type=\"widget\" data-e-type=\"widget\" data-widget_type=\"text-editor.default\">\n\t\t\t\t\t\t\t\t\t<p>Chez <strong data-start=\"205\" data-end=\"234\">[Nom de votre entreprise]<\/strong>, nous accordons une grande importance \u00e0 la protection de votre vie priv\u00e9e. Cette politique de confidentialit\u00e9 explique comment nous collectons, utilisons et prot\u00e9geons les informations personnelles que vous nous fournissez lors de l\u2019utilisation de notre site web et de nos services.<\/p>\t\t\t\t\t\t\t\t<\/div>\n\t\t\t\t<div class=\"elementor-element elementor-element-2da9ed8d elementor-widget elementor-widget-heading\" data-id=\"2da9ed8d\" data-element_type=\"widget\" data-e-type=\"widget\" data-widget_type=\"heading.default\">\n\t\t\t\t\t<h2 class=\"elementor-heading-title elementor-size-default\">1. Informations collect\u00e9es<\/h2>\t\t\t\t<\/div>\n\t\t\t\t<div class=\"elementor-element elementor-element-492590b2 elementor-widget elementor-widget-text-editor\" data-id=\"492590b2\" data-element_type=\"widget\" data-e-type=\"widget\" data-widget_type=\"text-editor.default\">\n\t\t\t\t\t\t\t\t\t<p data-start=\"554\" data-end=\"606\">Nous pouvons recueillir les informations suivantes :<\/p><ul data-start=\"607\" data-end=\"784\"><li data-start=\"607\" data-end=\"662\"><p data-start=\"609\" data-end=\"662\">Nom, adresse, num\u00e9ro de t\u00e9l\u00e9phone et adresse e-mail<\/p><\/li><li data-start=\"663\" data-end=\"712\"><p data-start=\"665\" data-end=\"712\">Informations li\u00e9es \u00e0 votre demande de service<\/p><\/li><li data-start=\"713\" data-end=\"784\"><p data-start=\"715\" data-end=\"784\">Donn\u00e9es techniques (adresse IP, type de navigateur, appareil utilis\u00e9)<\/p><\/li><\/ul>\t\t\t\t\t\t\t\t<\/div>\n\t\t\t\t<\/div>\n\t\t\t\t<div class=\"elementor-element elementor-element-9af8ce6 elementor-widget elementor-widget-heading\" data-id=\"9af8ce6\" data-element_type=\"widget\" data-e-type=\"widget\" data-widget_type=\"heading.default\">\n\t\t\t\t\t<h2 class=\"elementor-heading-title elementor-size-default\">2. Utilisation des donn\u00e9es<\/h2>\t\t\t\t<\/div>\n\t\t\t\t<div class=\"elementor-element elementor-element-17c971a2 elementor-widget elementor-widget-text-editor\" data-id=\"17c971a2\" data-element_type=\"widget\" data-e-type=\"widget\" data-widget_type=\"text-editor.default\">\n\t\t\t\t\t\t\t\t\t<p data-start=\"821\" data-end=\"864\">Les donn\u00e9es collect\u00e9es nous permettent de :<\/p><ul data-start=\"865\" data-end=\"1100\"><li data-start=\"865\" data-end=\"923\"><p data-start=\"867\" data-end=\"923\">R\u00e9pondre \u00e0 vos demandes et planifier des interventions<\/p><\/li><li data-start=\"924\" data-end=\"975\"><p data-start=\"926\" data-end=\"975\">Vous contacter pour des confirmations ou suivis<\/p><\/li><li data-start=\"976\" data-end=\"1034\"><p data-start=\"978\" data-end=\"1034\">Am\u00e9liorer notre site web et la qualit\u00e9 de nos services<\/p><\/li><li data-start=\"1035\" data-end=\"1100\"><p data-start=\"1037\" data-end=\"1100\">Vous envoyer des notifications importantes li\u00e9es \u00e0 nos services<\/p><\/li><\/ul>\t\t\t\t\t\t\t\t<\/div>\n\t\t\t\t<div class=\"elementor-element elementor-element-54e1e258 elementor-widget elementor-widget-heading\" data-id=\"54e1e258\" data-element_type=\"widget\" data-e-type=\"widget\" data-widget_type=\"heading.default\">\n\t\t\t\t\t<h2 class=\"elementor-heading-title elementor-size-default\">3. Partage des donn\u00e9es<\/h2>\t\t\t\t<\/div>\n\t\t\t\t<div class=\"elementor-element elementor-element-6cdcd916 elementor-widget elementor-widget-text-editor\" data-id=\"6cdcd916\" data-element_type=\"widget\" data-e-type=\"widget\" data-widget_type=\"text-editor.default\">\n\t\t\t\t\t\t\t\t\t<p>Vos donn\u00e9es personnelles restent strictement confidentielles. Elles ne sont jamais vendues ou partag\u00e9es avec des tiers, sauf si cela est n\u00e9cessaire pour fournir un service ou exig\u00e9 par la loi.<\/p>\t\t\t\t\t\t\t\t<\/div>\n\t\t\t\t<div class=\"elementor-element elementor-element-29e1bcf elementor-widget elementor-widget-heading\" data-id=\"29e1bcf\" data-element_type=\"widget\" data-e-type=\"widget\" data-widget_type=\"heading.default\">\n\t\t\t\t\t<h2 class=\"elementor-heading-title elementor-size-default\">4. Cookies<\/h2>\t\t\t\t<\/div>\n\t\t\t\t<div class=\"elementor-element elementor-element-46d4fb84 elementor-widget elementor-widget-text-editor\" data-id=\"46d4fb84\" data-element_type=\"widget\" data-e-type=\"widget\" data-widget_type=\"text-editor.default\">\n\t\t\t\t\t\t\t\t\t<p>Notre site peut utiliser des cookies afin d\u2019optimiser votre exp\u00e9rience, analyser le trafic et am\u00e9liorer la navigation. Vous pouvez configurer votre navigateur pour refuser les cookies si vous le souhaitez.<\/p>\t\t\t\t\t\t\t\t<\/div>\n\t\t\t\t<div class=\"elementor-element elementor-element-44037093 elementor-widget elementor-widget-heading\" data-id=\"44037093\" data-element_type=\"widget\" data-e-type=\"widget\" data-widget_type=\"heading.default\">\n\t\t\t\t\t<h2 class=\"elementor-heading-title elementor-size-default\">5. S\u00e9curit\u00e9 des donn\u00e9es<\/h2>\t\t\t\t<\/div>\n\t\t\t\t<div class=\"elementor-element elementor-element-6df33436 elementor-widget elementor-widget-text-editor\" data-id=\"6df33436\" data-element_type=\"widget\" data-e-type=\"widget\" data-widget_type=\"text-editor.default\">\n\t\t\t\t\t\t\t\t\t<p>Nous mettons en \u0153uvre des mesures techniques et organisationnelles pour prot\u00e9ger vos donn\u00e9es contre l\u2019acc\u00e8s non autoris\u00e9, la modification ou la perte.<\/p>\t\t\t\t\t\t\t\t<\/div>\n\t\t\t\t<div class=\"elementor-element elementor-element-755f592d elementor-widget elementor-widget-heading\" data-id=\"755f592d\" data-element_type=\"widget\" data-e-type=\"widget\" data-widget_type=\"heading.default\">\n\t\t\t\t\t<h2 class=\"elementor-heading-title elementor-size-default\">6. Vos droits\n<\/h2>\t\t\t\t<\/div>\n\t\t\t\t<div class=\"elementor-element elementor-element-6b6974cd elementor-widget elementor-widget-text-editor\" data-id=\"6b6974cd\" data-element_type=\"widget\" data-e-type=\"widget\" data-widget_type=\"text-editor.default\">\n\t\t\t\t\t\t\t\t\t<p data-start=\"1759\" data-end=\"1828\">Conform\u00e9ment \u00e0 la r\u00e9glementation, vous disposez des droits suivants :<\/p><ul data-start=\"1829\" data-end=\"1973\"><li data-start=\"1829\" data-end=\"1867\"><p data-start=\"1831\" data-end=\"1867\">Acc\u00e9der \u00e0 vos donn\u00e9es personnelles<\/p><\/li><li data-start=\"1868\" data-end=\"1930\"><p data-start=\"1870\" data-end=\"1930\">Demander la rectification ou la suppression de vos donn\u00e9es<\/p><\/li><li data-start=\"1931\" data-end=\"1973\"><p data-start=\"1933\" data-end=\"1973\">Retirer votre consentement \u00e0 tout moment<\/p><\/li><\/ul><p data-start=\"1975\" data-end=\"2077\">Pour exercer ces droits, vous pouvez nous contacter \u00e0 l\u2019adresse suivante : <strong data-start=\"2050\" data-end=\"2076\">[Votre adresse e-mail]<\/strong>.<\/p>\t\t\t\t\t\t\t\t<\/div>\n\t\t\t\t<div class=\"elementor-element elementor-element-4617830a elementor-widget elementor-widget-heading\" data-id=\"4617830a\" data-element_type=\"widget\" data-e-type=\"widget\" data-widget_type=\"heading.default\">\n\t\t\t\t\t<h2 class=\"elementor-heading-title elementor-size-default\">7. Modifications de la politique<\/h2>\t\t\t\t<\/div>\n\t\t\t\t<div class=\"elementor-element elementor-element-6836e487 elementor-widget elementor-widget-text-editor\" data-id=\"6836e487\" data-element_type=\"widget\" data-e-type=\"widget\" data-widget_type=\"text-editor.default\">\n\t\t\t\t\t\t\t\t\t<p data-start=\"2120\" data-end=\"2269\">Cette politique de confidentialit\u00e9 peut \u00eatre mise \u00e0 jour \u00e0 tout moment. Les modifications seront publi\u00e9es sur cette page avec la date de mise \u00e0 jour.<\/p><p data-start=\"2271\" data-end=\"2315\"><strong data-start=\"2271\" data-end=\"2297\">Derni\u00e8re mise \u00e0 jour :<\/strong> [Ins\u00e9rer la date]<\/p>\t\t\t\t\t\t\t\t<\/div>\n\t\t\t\t\t<\/div>\n\t\t\t\t<\/div>\n\t\t\t\t<\/div>\n\t\t","protected":false},"excerpt":{"rendered":"<p>Politique De Confidentialit\u00e9 Chez [Nom de votre entreprise], nous accordons une grande importance \u00e0 la protection de votre vie priv\u00e9e. Cette politique de confidentialit\u00e9 explique comment nous collectons, utilisons et prot\u00e9geons les informations personnelles que vous nous fournissez lors de l\u2019utilisation de notre site web et de nos services. 1. Informations collect\u00e9es Nous pouvons recueillir [&hellip;]<\/p>\n","protected":false},"author":2,"featured_media":0,"parent":0,"menu_order":0,"comment_status":"closed","ping_status":"closed","template":"elementor_header_footer","meta":{"footnotes":""},"class_list":["post-338","page","type-page","status-publish","hentry"],"_links":{"self":[{"href":"https:\/\/artisan-depannage24-7.com\/index.php\/wp-json\/wp\/v2\/pages\/338","targetHints":{"allow":["GET"]}}],"collection":[{"href":"https:\/\/artisan-depannage24-7.com\/index.php\/wp-json\/wp\/v2\/pages"}],"about":[{"href":"https:\/\/artisan-depannage24-7.com\/index.php\/wp-json\/wp\/v2\/types\/page"}],"author":[{"embeddable":true,"href":"https:\/\/artisan-depannage24-7.com\/index.php\/wp-json\/wp\/v2\/users\/2"}],"replies":[{"embeddable":true,"href":"https:\/\/artisan-depannage24-7.com\/index.php\/wp-json\/wp\/v2\/comments?post=338"}],"version-history":[{"count":4,"href":"https:\/\/artisan-depannage24-7.com\/index.php\/wp-json\/wp\/v2\/pages\/338\/revisions"}],"predecessor-version":[{"id":346,"href":"https:\/\/artisan-depannage24-7.com\/index.php\/wp-json\/wp\/v2\/pages\/338\/revisions\/346"}],"wp:attachment":[{"href":"https:\/\/artisan-depannage24-7.com\/index.php\/wp-json\/wp\/v2\/media?parent=338"}],"curies":[{"name":"wp","href":"https:\/\/api.w.org\/{rel}","templated":true}]}}